{"id":9036,"date":"2019-09-12T10:03:16","date_gmt":"2019-09-12T10:03:16","guid":{"rendered":"https:\/\/moveisantunes.com\/?product=sapateira-438"},"modified":"2026-02-11T17:48:48","modified_gmt":"2026-02-11T17:48:48","slug":"sapateira-438","status":"publish","type":"product","link":"https:\/\/moveisantunes.com\/?product=sapateira-438","title":{"rendered":"Sapateira Ref. 284"},"content":{"rendered":"<p>N\u00f3s somos a gera\u00e7\u00e3o que viu nascer, que viu crescer, que viu errar e que aprendeu.<br \/>\nE hoje, apoiados nos ombros de gigantes, torn\u00e1mo-nos na gera\u00e7\u00e3o capaz de ver mais longe, fazendo de cada dia uma fonte de aprendizagem.<\/p>\n<p>N\u00f3s somos essa gera\u00e7\u00e3o- a gera\u00e7\u00e3o MITUS\u00b4S.<\/p>\n<p>&nbsp;<\/p>\n","protected":false},"excerpt":{"rendered":"<p style=\"background-color: transparent; box-sizing: border-box; font-family: &amp;quot; open sans&amp;quot;,sans-serif; font-size: 13px; font-style: normal; font-variant: normal; font-weight: 400; letter-spacing: normal; orphans: 2; text-align: left; text-decoration: none; text-indent: 0px; text-transform: none; -webkit-text-stroke-width: 0px; white-space: normal; word-spacing: 0px; margin: 0px 0px 9px 0px;\">Sapateira ref.284<\/p>\n<p style=\"background-color: transparent; box-sizing: border-box; font-family: &amp;quot; open sans&amp;quot;,sans-serif; font-size: 13px; font-style: normal; font-variant: normal; font-weight: 400; letter-spacing: normal; orphans: 2; text-align: left; text-decoration: none; text-indent: 0px; text-transform: none; -webkit-text-stroke-width: 0px; white-space: normal; word-spacing: 0px; margin: 0px 0px 9px 0px;\"><br style=\"box-sizing: border-box;\" \/>Dimens\u00f5es:<br style=\"box-sizing: border-box;\" \/>Sapateira: L 100 \/ P 33 \/ A 82<br style=\"box-sizing: border-box;\" \/>Espelho: L 81 \/ A 52<\/p>\n<p style=\"background-color: transparent; box-sizing: border-box; font-family: &amp;quot; open sans&amp;quot;,sans-serif; font-size: 13px; font-style: normal; font-variant: normal; font-weight: 400; letter-spacing: normal; orphans: 2; text-align: left; text-decoration: none; text-indent: 0px; text-transform: none; -webkit-text-stroke-width: 0px; white-space: normal; word-spacing: 0px; margin: 0px 0px 9px 0px;\">V\u00e1rios acabamentos dispon\u00edveis.<\/p>\n","protected":false},"featured_media":13009,"comment_status":"open","ping_status":"closed","template":"","meta":{"_monsterinsights_skip_tracking":false,"_monsterinsights_sitenote_active":false,"_monsterinsights_sitenote_note":"","_monsterinsights_sitenote_category":0},"product_cat":[122],"product_tag":[780],"class_list":{"0":"post-9036","1":"product","2":"type-product","3":"status-publish","4":"has-post-thumbnail","6":"product_cat-sapateiras","7":"product_tag-sapateira-ref-284","9":"first","10":"onbackorder","11":"sale","12":"taxable","13":"shipping-taxable","14":"purchasable","15":"product-type-variable"},"aioseo_notices":[],"_links":{"self":[{"href":"https:\/\/moveisantunes.com\/index.php?rest_route=\/wp\/v2\/product\/9036","targetHints":{"allow":["GET"]}}],"collection":[{"href":"https:\/\/moveisantunes.com\/index.php?rest_route=\/wp\/v2\/product"}],"about":[{"href":"https:\/\/moveisantunes.com\/index.php?rest_route=\/wp\/v2\/types\/product"}],"replies":[{"embeddable":true,"href":"https:\/\/moveisantunes.com\/index.php?rest_route=%2Fwp%2Fv2%2Fcomments&post=9036"}],"version-history":[{"count":3,"href":"https:\/\/moveisantunes.com\/index.php?rest_route=\/wp\/v2\/product\/9036\/revisions"}],"predecessor-version":[{"id":13011,"href":"https:\/\/moveisantunes.com\/index.php?rest_route=\/wp\/v2\/product\/9036\/revisions\/13011"}],"wp:featuredmedia":[{"embeddable":true,"href":"https:\/\/moveisantunes.com\/index.php?rest_route=\/wp\/v2\/media\/13009"}],"wp:attachment":[{"href":"https:\/\/moveisantunes.com\/index.php?rest_route=%2Fwp%2Fv2%2Fmedia&parent=9036"}],"wp:term":[{"taxonomy":"product_cat","embeddable":true,"href":"https:\/\/moveisantunes.com\/index.php?rest_route=%2Fwp%2Fv2%2Fproduct_cat&post=9036"},{"taxonomy":"product_tag","embeddable":true,"href":"https:\/\/moveisantunes.com\/index.php?rest_route=%2Fwp%2Fv2%2Fproduct_tag&post=9036"}],"curies":[{"name":"wp","href":"https:\/\/api.w.org\/{rel}","templated":true}]}}