{"id":9044,"date":"2019-12-12T18:19:49","date_gmt":"2019-12-12T18:19:49","guid":{"rendered":"https:\/\/moveisantunes.com\/?product=aparador-290"},"modified":"2024-07-01T09:41:55","modified_gmt":"2024-07-01T09:41:55","slug":"aparador-290","status":"publish","type":"product","link":"https:\/\/moveisantunes.com\/?product=aparador-290","title":{"rendered":"Aparador Ref 290"},"content":{"rendered":"<p>N\u00f3s somos a gera\u00e7\u00e3o que viu nascer, que viu crescer, que viu errar e que aprendeu.<br \/>\nE hoje, apoiados nos ombros de gigantes, torn\u00e1mo-nos na gera\u00e7\u00e3o capaz de ver mais longe, fazendo de cada dia uma fonte de aprendizagem.<\/p>\n<p>N\u00f3s somos essa gera\u00e7\u00e3o- a gera\u00e7\u00e3o MITUS\u00b4S.<\/p>\n<p>&nbsp;<\/p>\n","protected":false},"excerpt":{"rendered":"<p style=\"background-color: transparent; box-sizing: border-box; font-family: &amp;quot; open sans&amp;quot;,sans-serif; font-size: 13px; font-style: normal; font-variant: normal; font-weight: 400; letter-spacing: normal; orphans: 2; text-align: left; text-decoration: none; text-indent: 0px; text-transform: none; -webkit-text-stroke-width: 0px; white-space: normal; word-spacing: 0px; margin: 0px 0px 9px 0px;\">Aparador ref.290<br style=\"box-sizing: border-box;\" \/><br style=\"box-sizing: border-box;\" \/>Dimens\u00f5es:<br \/>\nL 120 \/ P 50 \/ A 82<br \/>\nL 150 \/ P 50 \/ A 82<\/p>\n<p style=\"background-color: transparent; box-sizing: border-box; color: #000000; font-family: &amp;quot; open sans&amp;quot;,sans-serif; font-size: 13px; font-style: normal; font-variant: normal; font-weight: 400; letter-spacing: normal; orphans: 2; text-align: left; text-decoration: none; text-indent: 0px; text-transform: none; -webkit-text-stroke-width: 0px; white-space: normal; word-spacing: 0px; margin: 0px 0px 9px 0px;\">Caso pretenda outras medidas contacte-nos<\/p>\n<p style=\"background-color: transparent; box-sizing: border-box; color: #000000; font-family: &amp;quot; open sans&amp;quot;,sans-serif; font-size: 13px; font-style: normal; font-variant: normal; font-weight: 400; letter-spacing: normal; orphans: 2; text-align: left; text-decoration: none; text-indent: 0px; text-transform: none; -webkit-text-stroke-width: 0px; white-space: normal; word-spacing: 0px; margin: 0px 0px 9px 0px;\">V\u00e1rios acabamentos dispon\u00edveis.<\/p>\n","protected":false},"featured_media":12893,"comment_status":"open","ping_status":"closed","template":"","meta":{"_monsterinsights_skip_tracking":false,"_monsterinsights_sitenote_active":false,"_monsterinsights_sitenote_note":"","_monsterinsights_sitenote_category":0},"product_cat":[125,171,121],"product_tag":[772],"class_list":{"0":"post-9044","1":"product","2":"type-product","3":"status-publish","4":"has-post-thumbnail","6":"product_cat-aparadores","7":"product_cat-cozinhas","8":"product_cat-sala-de-jantar1647012368","9":"product_tag-aparador-ref-290","11":"first","12":"onbackorder","13":"sale","14":"taxable","15":"shipping-taxable","16":"purchasable","17":"product-type-variable"},"aioseo_notices":[],"_links":{"self":[{"href":"https:\/\/moveisantunes.com\/index.php?rest_route=\/wp\/v2\/product\/9044","targetHints":{"allow":["GET"]}}],"collection":[{"href":"https:\/\/moveisantunes.com\/index.php?rest_route=\/wp\/v2\/product"}],"about":[{"href":"https:\/\/moveisantunes.com\/index.php?rest_route=\/wp\/v2\/types\/product"}],"replies":[{"embeddable":true,"href":"https:\/\/moveisantunes.com\/index.php?rest_route=%2Fwp%2Fv2%2Fcomments&post=9044"}],"version-history":[{"count":5,"href":"https:\/\/moveisantunes.com\/index.php?rest_route=\/wp\/v2\/product\/9044\/revisions"}],"predecessor-version":[{"id":12899,"href":"https:\/\/moveisantunes.com\/index.php?rest_route=\/wp\/v2\/product\/9044\/revisions\/12899"}],"wp:featuredmedia":[{"embeddable":true,"href":"https:\/\/moveisantunes.com\/index.php?rest_route=\/wp\/v2\/media\/12893"}],"wp:attachment":[{"href":"https:\/\/moveisantunes.com\/index.php?rest_route=%2Fwp%2Fv2%2Fmedia&parent=9044"}],"wp:term":[{"taxonomy":"product_cat","embeddable":true,"href":"https:\/\/moveisantunes.com\/index.php?rest_route=%2Fwp%2Fv2%2Fproduct_cat&post=9044"},{"taxonomy":"product_tag","embeddable":true,"href":"https:\/\/moveisantunes.com\/index.php?rest_route=%2Fwp%2Fv2%2Fproduct_tag&post=9044"}],"curies":[{"name":"wp","href":"https:\/\/api.w.org\/{rel}","templated":true}]}}