{"id":9053,"date":"2019-12-16T18:35:36","date_gmt":"2019-12-16T18:35:36","guid":{"rendered":"https:\/\/moveisantunes.com\/?product=louceiro-587"},"modified":"2026-02-11T18:05:04","modified_gmt":"2026-02-11T18:05:04","slug":"louceiro-587","status":"publish","type":"product","link":"https:\/\/moveisantunes.com\/?product=louceiro-587","title":{"rendered":"Louceiro ref. 287"},"content":{"rendered":"<p>N\u00f3s somos a gera\u00e7\u00e3o que viu nascer, que viu crescer, que viu errar e que aprendeu.<br \/>\nE hoje, apoiados nos ombros de gigantes, torn\u00e1mo-nos na gera\u00e7\u00e3o capaz de ver mais longe, fazendo de cada dia uma fonte de aprendizagem.<\/p>\n<p>N\u00f3s somos essa gera\u00e7\u00e3o- a gera\u00e7\u00e3o MITUS\u00b4S.<\/p>\n<p>&nbsp;<\/p>\n","protected":false},"excerpt":{"rendered":"<p style=\"background-color: transparent; box-sizing: border-box; font-family: &amp;quot; open sans&amp;quot;,sans-serif; font-size: 13px; font-style: normal; font-variant: normal; font-weight: 400; letter-spacing: normal; orphans: 2; text-align: left; text-decoration: none; text-indent: 0px; text-transform: none; -webkit-text-stroke-width: 0px; white-space: normal; word-spacing: 0px; margin: 0px 0px 9px 0px;\">Louceiro ref.287<br style=\"box-sizing: border-box;\" \/><br style=\"box-sizing: border-box;\" \/>Dimens\u00f5es: L 120 \/ P 50 \/ A 198<\/p>\n<p style=\"background-color: transparent; box-sizing: border-box; font-family: &amp;quot; open sans&amp;quot;,sans-serif; font-size: 13px; font-style: normal; font-variant: normal; font-weight: 400; letter-spacing: normal; orphans: 2; text-align: left; text-decoration: none; text-indent: 0px; text-transform: none; -webkit-text-stroke-width: 0px; white-space: normal; word-spacing: 0px; margin: 0px 0px 9px 0px;\">V\u00e1rios acabamentos dispon\u00edveis.<\/p>\n","protected":false},"featured_media":12896,"comment_status":"open","ping_status":"closed","template":"","meta":{"_monsterinsights_skip_tracking":false,"_monsterinsights_sitenote_active":false,"_monsterinsights_sitenote_note":"","_monsterinsights_sitenote_category":0},"product_cat":[125,171,168],"product_tag":[773],"class_list":{"0":"post-9053","1":"product","2":"type-product","3":"status-publish","4":"has-post-thumbnail","6":"product_cat-aparadores","7":"product_cat-cozinhas","8":"product_cat-louceiros","9":"product_tag-louceiro-ref-287","11":"first","12":"onbackorder","13":"sale","14":"taxable","15":"shipping-taxable","16":"purchasable","17":"product-type-simple"},"aioseo_notices":[],"_links":{"self":[{"href":"https:\/\/moveisantunes.com\/index.php?rest_route=\/wp\/v2\/product\/9053","targetHints":{"allow":["GET"]}}],"collection":[{"href":"https:\/\/moveisantunes.com\/index.php?rest_route=\/wp\/v2\/product"}],"about":[{"href":"https:\/\/moveisantunes.com\/index.php?rest_route=\/wp\/v2\/types\/product"}],"replies":[{"embeddable":true,"href":"https:\/\/moveisantunes.com\/index.php?rest_route=%2Fwp%2Fv2%2Fcomments&post=9053"}],"version-history":[{"count":4,"href":"https:\/\/moveisantunes.com\/index.php?rest_route=\/wp\/v2\/product\/9053\/revisions"}],"predecessor-version":[{"id":15028,"href":"https:\/\/moveisantunes.com\/index.php?rest_route=\/wp\/v2\/product\/9053\/revisions\/15028"}],"wp:featuredmedia":[{"embeddable":true,"href":"https:\/\/moveisantunes.com\/index.php?rest_route=\/wp\/v2\/media\/12896"}],"wp:attachment":[{"href":"https:\/\/moveisantunes.com\/index.php?rest_route=%2Fwp%2Fv2%2Fmedia&parent=9053"}],"wp:term":[{"taxonomy":"product_cat","embeddable":true,"href":"https:\/\/moveisantunes.com\/index.php?rest_route=%2Fwp%2Fv2%2Fproduct_cat&post=9053"},{"taxonomy":"product_tag","embeddable":true,"href":"https:\/\/moveisantunes.com\/index.php?rest_route=%2Fwp%2Fv2%2Fproduct_tag&post=9053"}],"curies":[{"name":"wp","href":"https:\/\/api.w.org\/{rel}","templated":true}]}}