{"id":9074,"date":"2020-01-17T10:16:00","date_gmt":"2020-01-17T10:16:00","guid":{"rendered":"https:\/\/moveisantunes.com\/?product=roupeiro-2-portas-677"},"modified":"2026-02-11T10:11:50","modified_gmt":"2026-02-11T10:11:50","slug":"roupeiro-2-portas-677","status":"publish","type":"product","link":"https:\/\/moveisantunes.com\/?product=roupeiro-2-portas-677","title":{"rendered":"Roupeiro 2 portas M148"},"content":{"rendered":"<p>N\u00f3s somos a gera\u00e7\u00e3o que viu nascer, que viu crescer, que viu errar e que aprendeu.<br \/>\nE hoje, apoiados nos ombros de gigantes, torn\u00e1mo-nos na gera\u00e7\u00e3o capaz de ver mais longe, fazendo de cada dia uma fonte de aprendizagem.<\/p>\n<p>N\u00f3s somos essa gera\u00e7\u00e3o- a gera\u00e7\u00e3o MITUS\u00b4S.<\/p>\n","protected":false},"excerpt":{"rendered":"<p style=\"background-color: transparent; box-sizing: border-box; font-family: &amp;quot; open sans&amp;quot;,sans-serif; font-size: 13px; font-style: normal; font-variant: normal; font-weight: 400; letter-spacing: normal; orphans: 2; text-align: left; text-decoration: none; text-indent: 0px; text-transform: none; -webkit-text-stroke-width: 0px; white-space: normal; word-spacing: 0px; margin: 0px 0px 9px 0px;\">Roupeiro 2 portas M148<br style=\"box-sizing: border-box;\" \/><br style=\"box-sizing: border-box;\" \/>Dimens\u00f5es:<br \/>\nRoupeiro: L 90 \/ A 180 \/ P 57<br \/>\nSuplemento Al\u00e7ado: L90 \/ A 60 \/ P 57<\/p>\n<p style=\"background-color: transparent; box-sizing: border-box; font-family: &amp;quot; open sans&amp;quot;,sans-serif; font-size: 13px; font-style: normal; font-variant: normal; font-weight: 400; letter-spacing: normal; orphans: 2; text-align: left; text-decoration: none; text-indent: 0px; text-transform: none; -webkit-text-stroke-width: 0px; white-space: normal; word-spacing: 0px; margin: 0px 0px 9px 0px;\">O valor indicado inclui apenas o Roupeiro de 2 portas. Caso necessite de espelho interior nas portas ou o suplemento superior basta seleccionar nas op\u00e7\u00f5es. V\u00e1rios acabamentos e cores dispon\u00edveis.<\/p>\n<p>&nbsp;<\/p>\n","protected":false},"featured_media":9075,"comment_status":"open","ping_status":"closed","template":"","meta":{"_monsterinsights_skip_tracking":false,"_monsterinsights_sitenote_active":false,"_monsterinsights_sitenote_note":"","_monsterinsights_sitenote_category":0},"product_cat":[127],"product_tag":[],"class_list":{"0":"post-9074","1":"product","2":"type-product","3":"status-publish","4":"has-post-thumbnail","6":"product_cat-roupeiros","8":"first","9":"outofstock","10":"sale","11":"taxable","12":"shipping-taxable","13":"purchasable","14":"product-type-variable"},"aioseo_notices":[],"_links":{"self":[{"href":"https:\/\/moveisantunes.com\/index.php?rest_route=\/wp\/v2\/product\/9074","targetHints":{"allow":["GET"]}}],"collection":[{"href":"https:\/\/moveisantunes.com\/index.php?rest_route=\/wp\/v2\/product"}],"about":[{"href":"https:\/\/moveisantunes.com\/index.php?rest_route=\/wp\/v2\/types\/product"}],"replies":[{"embeddable":true,"href":"https:\/\/moveisantunes.com\/index.php?rest_route=%2Fwp%2Fv2%2Fcomments&post=9074"}],"version-history":[{"count":6,"href":"https:\/\/moveisantunes.com\/index.php?rest_route=\/wp\/v2\/product\/9074\/revisions"}],"predecessor-version":[{"id":11829,"href":"https:\/\/moveisantunes.com\/index.php?rest_route=\/wp\/v2\/product\/9074\/revisions\/11829"}],"wp:featuredmedia":[{"embeddable":true,"href":"https:\/\/moveisantunes.com\/index.php?rest_route=\/wp\/v2\/media\/9075"}],"wp:attachment":[{"href":"https:\/\/moveisantunes.com\/index.php?rest_route=%2Fwp%2Fv2%2Fmedia&parent=9074"}],"wp:term":[{"taxonomy":"product_cat","embeddable":true,"href":"https:\/\/moveisantunes.com\/index.php?rest_route=%2Fwp%2Fv2%2Fproduct_cat&post=9074"},{"taxonomy":"product_tag","embeddable":true,"href":"https:\/\/moveisantunes.com\/index.php?rest_route=%2Fwp%2Fv2%2Fproduct_tag&post=9074"}],"curies":[{"name":"wp","href":"https:\/\/api.w.org\/{rel}","templated":true}]}}