{"id":9216,"date":"2020-03-06T10:42:12","date_gmt":"2020-03-06T10:42:12","guid":{"rendered":"https:\/\/moveisantunes.com\/?product=colchao-ortopedico-classic-plus"},"modified":"2023-07-10T15:21:10","modified_gmt":"2023-07-10T15:21:10","slug":"colchao-ortopedico-classic-plus","status":"publish","type":"product","link":"https:\/\/moveisantunes.com\/?product=colchao-ortopedico-classic-plus","title":{"rendered":"Colch\u00e3o Ortop\u00e9dico Classic Plus"},"content":{"rendered":"<p>Colch\u00f5es da gama Ortop\u00e9dico fabricado pela qualidade e rigor do Gripo Mindol, esta \u00e9 uma gama de colch\u00f5es simples, com bloco bonnel, para quem gosta de um colch\u00e3o firma. Esta gama tem um sistema que oferece um excelente apoio para as costas e zona lombar.<br \/>\nSobretudo, a Fama Ortop\u00e9dico tem uma boa qualidade e um bom n\u00edvel de conforto, sendo uma excelente op\u00e7\u00e3o para o seu descanso.<\/p>\n<p>Colch\u00e3o fabricado com mat\u00e9rias primas seleccionadas de excelente qualidade pelo reconhecido Grupo Mindol. Entregas no prazo de 15 dias para medidas normalizadas. Nota, as cores e medidas poder\u00e3o variar em 5% das apresentadas.<\/p>\n<p><span class=\"tlid-translation translation\" lang=\"en\"><span title=\"\">Dimens\u00f5es v\u00e1rias poss\u00edveis.<br \/>\nSeleccione a medida pretendida, o valor varia consoante a medida. Se n\u00e3o encontrar a medida que necessite contacte-nos. comercial@moveisantunes.com \u2013 969044261<\/span><\/span><\/p>\n","protected":false},"excerpt":{"rendered":"<p>O valor riscado \u00e9 o pre\u00e7o de venda recomendado de mercado.<\/p>\n<p>Colch\u00e3o composto por molas bic\u00f3nicas de alta capacidade de absor\u00e7\u00e3o e distribui\u00e7\u00e3o de peso proporcionando um maior conforto e durabilidade. Permite um elevad\u00edssimo grau de transpirabilidade interna.<br \/>\nO sistema Solid Core fornece o melhor apoio para as costas e zona lombar, preservando a sua forma durante anos.<br \/>\nComposto por uma tecnologia de suporte ativo que permite que os seus musculos relaxem numa posi\u00e7\u00e3o mais natural. as mola ajustam-se instantaneamente aos movimentos do seu sono, apoiando o seu corpo enquanto dorme.<\/p>\n","protected":false},"featured_media":9217,"comment_status":"open","ping_status":"closed","template":"","meta":{"_monsterinsights_skip_tracking":false,"_monsterinsights_sitenote_active":false,"_monsterinsights_sitenote_note":"","_monsterinsights_sitenote_category":0},"product_cat":[129],"product_tag":[145,144,343],"class_list":{"0":"post-9216","1":"product","2":"type-product","3":"status-publish","4":"has-post-thumbnail","6":"product_cat-colchoes-e-almofadas","7":"product_tag-estrados","8":"product_tag-mindol","9":"product_tag-ccolchao-ortopedico-classic-plus","11":"first","12":"instock","13":"taxable","14":"shipping-taxable","15":"purchasable","16":"product-type-variable"},"aioseo_notices":[],"_links":{"self":[{"href":"https:\/\/moveisantunes.com\/index.php?rest_route=\/wp\/v2\/product\/9216","targetHints":{"allow":["GET"]}}],"collection":[{"href":"https:\/\/moveisantunes.com\/index.php?rest_route=\/wp\/v2\/product"}],"about":[{"href":"https:\/\/moveisantunes.com\/index.php?rest_route=\/wp\/v2\/types\/product"}],"replies":[{"embeddable":true,"href":"https:\/\/moveisantunes.com\/index.php?rest_route=%2Fwp%2Fv2%2Fcomments&post=9216"}],"version-history":[{"count":2,"href":"https:\/\/moveisantunes.com\/index.php?rest_route=\/wp\/v2\/product\/9216\/revisions"}],"predecessor-version":[{"id":11100,"href":"https:\/\/moveisantunes.com\/index.php?rest_route=\/wp\/v2\/product\/9216\/revisions\/11100"}],"wp:featuredmedia":[{"embeddable":true,"href":"https:\/\/moveisantunes.com\/index.php?rest_route=\/wp\/v2\/media\/9217"}],"wp:attachment":[{"href":"https:\/\/moveisantunes.com\/index.php?rest_route=%2Fwp%2Fv2%2Fmedia&parent=9216"}],"wp:term":[{"taxonomy":"product_cat","embeddable":true,"href":"https:\/\/moveisantunes.com\/index.php?rest_route=%2Fwp%2Fv2%2Fproduct_cat&post=9216"},{"taxonomy":"product_tag","embeddable":true,"href":"https:\/\/moveisantunes.com\/index.php?rest_route=%2Fwp%2Fv2%2Fproduct_tag&post=9216"}],"curies":[{"name":"wp","href":"https:\/\/api.w.org\/{rel}","templated":true}]}}