{"id":9329,"date":"2020-03-19T12:07:27","date_gmt":"2020-03-19T12:07:27","guid":{"rendered":"https:\/\/moveisantunes.com\/?product=topper-nature"},"modified":"2021-06-02T12:22:58","modified_gmt":"2021-06-02T12:22:58","slug":"topper-nature","status":"publish","type":"product","link":"https:\/\/moveisantunes.com\/?product=topper-nature","title":{"rendered":"Topper Nature"},"content":{"rendered":"<p style=\"-webkit-font-smoothing: antialiased; -webkit-tap-highlight-color: transparent; margin: 0px 0px 10px; padding: 0px; border: 0px; outline: 0px; box-sizing: border-box; color: rgb(51, 55, 69); font-family: Roboto; font-size: 13px; font-style: normal; font-variant-ligatures: normal; font-variant-caps: normal; font-weight: 400; letter-spacing: normal; orphans: 2; text-align: start; text-indent: 0px; text-transform: none; white-space: normal; widows: 2; word-spacing: 0px; -webkit-text-stroke-width: 0px; text-decoration-style: initial; text-decoration-color: initial;\">Topper Nature<\/p>\n<p class=\"MsoNormal\" style=\"-webkit-font-smoothing: antialiased; -webkit-tap-highlight-color: transparent; margin: 0px 0px 10px; padding: 0px; border: 0px; outline: 0px; box-sizing: border-box; color: rgb(51, 55, 69); font-family: Roboto; font-size: 13px; font-style: normal; font-variant-ligatures: normal; font-variant-caps: normal; font-weight: 400; letter-spacing: normal; orphans: 2; text-align: start; text-indent: 0px; text-transform: none; white-space: normal; widows: 2; word-spacing: 0px; -webkit-text-stroke-width: 0px; text-decoration-style: initial; text-decoration-color: initial;\"><b style=\"-webkit-font-smoothing: antialiased; -webkit-tap-highlight-color: transparent; margin: 0px; padding: 0px; border: 0px; outline: 0px; box-sizing: border-box;\">O complemento perfeito para um colch\u00e3o topo de gama.<br style=\"-webkit-font-smoothing: antialiased; -webkit-tap-highlight-color: transparent; box-sizing: border-box;\"><\/b><\/p>\n<p class=\"MsoNormal\" style=\"-webkit-font-smoothing: antialiased; -webkit-tap-highlight-color: transparent; margin: 0px 0px 10px; padding: 0px; border: 0px; outline: 0px; box-sizing: border-box; color: rgb(51, 55, 69); font-family: Roboto; font-size: 13px; font-style: normal; font-variant-ligatures: normal; font-variant-caps: normal; font-weight: 400; letter-spacing: normal; orphans: 2; text-align: start; text-indent: 0px; text-transform: none; white-space: normal; widows: 2; word-spacing: 0px; -webkit-text-stroke-width: 0px; text-decoration-style: initial; text-decoration-color: initial;\"><b style=\"-webkit-font-smoothing: antialiased; -webkit-tap-highlight-color: transparent; margin: 0px; padding: 0px; border: 0px; outline: 0px; box-sizing: border-box;\"><i style=\"-webkit-font-smoothing: antialiased; -webkit-tap-highlight-color: transparent; margin: 0px; padding: 0px; border: 0px; outline: 0px; position: relative; font-style: normal; vertical-align: middle; box-sizing: border-box;\">Materiais&nbsp;<\/i><\/b><\/p>\n<ul style=\"-webkit-font-smoothing: antialiased; -webkit-tap-highlight-color: transparent; box-sizing: border-box; color: rgb(51, 55, 69); font-family: Roboto; font-size: 13px; font-style: normal; font-variant-ligatures: normal; font-variant-caps: normal; font-weight: 400; letter-spacing: normal; orphans: 2; text-align: start; text-indent: 0px; text-transform: none; white-space: normal; widows: 2; word-spacing: 0px; -webkit-text-stroke-width: 0px; text-decoration-style: initial; text-decoration-color: initial; margin-top: 0cm;\" type=\"disc\">\n<li class=\"MsoNormal\" style=\"-webkit-font-smoothing: antialiased; -webkit-tap-highlight-color: transparent; margin-left: 30px; box-sizing: border-box; margin-bottom: 5px;\"><b style=\"-webkit-font-smoothing: antialiased; -webkit-tap-highlight-color: transparent; margin: 0px; padding: 0px; border: 0px; outline: 0px; box-sizing: border-box;\"><i style=\"-webkit-font-smoothing: antialiased; -webkit-tap-highlight-color: transparent; margin: 0px; padding: 0px; border: 0px; outline: 0px; position: relative; font-style: normal; vertical-align: middle; box-sizing: border-box;\">seda javanesa<\/i><\/b>&nbsp;&#8211; toque suave e distinto<\/li>\n<li class=\"MsoNormal\" style=\"-webkit-font-smoothing: antialiased; -webkit-tap-highlight-color: transparent; margin-left: 30px; box-sizing: border-box; margin-bottom: 5px;\"><b style=\"-webkit-font-smoothing: antialiased; -webkit-tap-highlight-color: transparent; margin: 0px; padding: 0px; border: 0px; outline: 0px; box-sizing: border-box;\"><i style=\"-webkit-font-smoothing: antialiased; -webkit-tap-highlight-color: transparent; margin: 0px; padding: 0px; border: 0px; outline: 0px; position: relative; font-style: normal; vertical-align: middle; box-sizing: border-box;\">algod\u00e3o<\/i><\/b>&nbsp;&#8211; material natural que permite que o corpo respire, se mantenha fresco e hipoalerg\u00e9nico, com impressionantes capacidades de absor\u00e7\u00e3o de humidade. O algod\u00e3o \u00e9&nbsp;leve,&nbsp;de toque suave, confort\u00e1vel e macio.&nbsp;<\/li>\n<li class=\"MsoNormal\" style=\"-webkit-font-smoothing: antialiased; -webkit-tap-highlight-color: transparent; margin-left: 30px; box-sizing: border-box; margin-bottom: 5px;\"><b style=\"-webkit-font-smoothing: antialiased; -webkit-tap-highlight-color: transparent; margin: 0px; padding: 0px; border: 0px; outline: 0px; box-sizing: border-box;\"><i style=\"-webkit-font-smoothing: antialiased; -webkit-tap-highlight-color: transparent; margin: 0px; padding: 0px; border: 0px; outline: 0px; position: relative; font-style: normal; vertical-align: middle; box-sizing: border-box;\">l\u00e3<\/i><\/b>&nbsp;&#8211; A l\u00e3 tem propriedades de isolamento originais e \u00e9 provavelmente o \u00fanico material que nos pode manter quentes no inverno e frescos no ver\u00e3o. Com a sua incr\u00edvel capacidade de absorver 1\/3 do seu peso em \u00e1gua, consegue regular naturalmente a humidade do ambiente.<\/li>\n<\/ul>\n<p class=\"MsoNormal\" style=\"-webkit-font-smoothing: antialiased; -webkit-tap-highlight-color: transparent; margin: 0px 0px 10px; padding: 0px; border: 0px; outline: 0px; box-sizing: border-box; color: rgb(51, 55, 69); font-family: Roboto; font-size: 13px; font-style: normal; font-variant-ligatures: normal; font-variant-caps: normal; font-weight: 400; letter-spacing: normal; orphans: 2; text-align: start; text-indent: 0px; text-transform: none; white-space: normal; widows: 2; word-spacing: 0px; -webkit-text-stroke-width: 0px; text-decoration-style: initial; text-decoration-color: initial;\"><b style=\"-webkit-font-smoothing: antialiased; -webkit-tap-highlight-color: transparent; margin: 0px; padding: 0px; border: 0px; outline: 0px; box-sizing: border-box;\"><i style=\"-webkit-font-smoothing: antialiased; -webkit-tap-highlight-color: transparent; margin: 0px; padding: 0px; border: 0px; outline: 0px; position: relative; font-style: normal; vertical-align: middle; box-sizing: border-box;\">Constitui\u00e7\u00e3o<\/i><\/b><\/p>\n<p class=\"MsoNormal\" style=\"-webkit-font-smoothing: antialiased; -webkit-tap-highlight-color: transparent; margin: 0px 0px 10px; padding: 0px; border: 0px; outline: 0px; box-sizing: border-box; color: rgb(51, 55, 69); font-family: Roboto; font-size: 13px; font-style: normal; font-variant-ligatures: normal; font-variant-caps: normal; font-weight: 400; letter-spacing: normal; orphans: 2; text-align: start; text-indent: 0px; text-transform: none; white-space: normal; widows: 2; word-spacing: 0px; -webkit-text-stroke-width: 0px; text-decoration-style: initial; text-decoration-color: initial;\"><b style=\"-webkit-font-smoothing: antialiased; -webkit-tap-highlight-color: transparent; margin: 0px; padding: 0px; border: 0px; outline: 0px; box-sizing: border-box;\"><i style=\"-webkit-font-smoothing: antialiased; -webkit-tap-highlight-color: transparent; margin: 0px; padding: 0px; border: 0px; outline: 0px; position: relative; font-style: normal; vertical-align: middle; box-sizing: border-box;\">Tecido exterior<\/i><\/b>&nbsp;&#8211; Seda javanesa de toque suave e distinto.<\/p>\n<p class=\"MsoNormal\" style=\"-webkit-font-smoothing: antialiased; -webkit-tap-highlight-color: transparent; margin: 0px 0px 10px; padding: 0px; border: 0px; outline: 0px; box-sizing: border-box; color: rgb(51, 55, 69); font-family: Roboto; font-size: 13px; font-style: normal; font-variant-ligatures: normal; font-variant-caps: normal; font-weight: 400; letter-spacing: normal; orphans: 2; text-align: start; text-indent: 0px; text-transform: none; white-space: normal; widows: 2; word-spacing: 0px; -webkit-text-stroke-width: 0px; text-decoration-style: initial; text-decoration-color: initial;\"><b style=\"-webkit-font-smoothing: antialiased; -webkit-tap-highlight-color: transparent; margin: 0px; padding: 0px; border: 0px; outline: 0px; box-sizing: border-box;\"><i style=\"-webkit-font-smoothing: antialiased; -webkit-tap-highlight-color: transparent; margin: 0px; padding: 0px; border: 0px; outline: 0px; position: relative; font-style: normal; vertical-align: middle; box-sizing: border-box;\">Face 1<\/i><\/b>&nbsp;&#8211; Bordado profundo&nbsp;\u2022 250 gr\/m<sup style=\"-webkit-font-smoothing: antialiased; -webkit-tap-highlight-color: transparent; box-sizing: border-box;\">2<\/sup>&nbsp;fibras quelf&nbsp;\u2022 700&nbsp;gr\/m<sup style=\"-webkit-font-smoothing: antialiased; -webkit-tap-highlight-color: transparent; box-sizing: border-box;\">2&nbsp;<\/sup>l\u00e3&nbsp;\u2022 26\/13 mm eliocell perfilada super suave<\/p>\n<p class=\"MsoNormal\" style=\"-webkit-font-smoothing: antialiased; -webkit-tap-highlight-color: transparent; margin: 0px 0px 10px; padding: 0px; border: 0px; outline: 0px; box-sizing: border-box; color: rgb(51, 55, 69); font-family: Roboto; font-size: 13px; font-style: normal; font-variant-ligatures: normal; font-variant-caps: normal; font-weight: 400; letter-spacing: normal; orphans: 2; text-align: start; text-indent: 0px; text-transform: none; white-space: normal; widows: 2; word-spacing: 0px; -webkit-text-stroke-width: 0px; text-decoration-style: initial; text-decoration-color: initial;\"><b style=\"-webkit-font-smoothing: antialiased; -webkit-tap-highlight-color: transparent; margin: 0px; padding: 0px; border: 0px; outline: 0px; box-sizing: border-box;\"><i style=\"-webkit-font-smoothing: antialiased; -webkit-tap-highlight-color: transparent; margin: 0px; padding: 0px; border: 0px; outline: 0px; position: relative; font-style: normal; vertical-align: middle; box-sizing: border-box;\">Face 2<\/i><\/b>&nbsp;&#8211; Bordado profundo&nbsp;\u2022 250 gr\/m<sup style=\"-webkit-font-smoothing: antialiased; -webkit-tap-highlight-color: transparent; box-sizing: border-box;\">2<\/sup>&nbsp;fibras quelf \u2022 700&nbsp;gr\/m<sup style=\"-webkit-font-smoothing: antialiased; -webkit-tap-highlight-color: transparent; box-sizing: border-box;\">2&nbsp;<\/sup>algod\u00e3o&nbsp;\u2022 26\/13 mm eliocell perfilada super suave<\/p>\n<p class=\"MsoNormal\" style=\"-webkit-font-smoothing: antialiased; -webkit-tap-highlight-color: transparent; margin: 0px 0px 10px; padding: 0px; border: 0px; outline: 0px; box-sizing: border-box; color: rgb(51, 55, 69); font-family: Roboto; font-size: 13px; font-style: normal; font-variant-ligatures: normal; font-variant-caps: normal; font-weight: 400; letter-spacing: normal; orphans: 2; text-align: start; text-indent: 0px; text-transform: none; white-space: normal; widows: 2; word-spacing: 0px; -webkit-text-stroke-width: 0px; text-decoration-style: initial; text-decoration-color: initial;\"><b style=\"-webkit-font-smoothing: antialiased; -webkit-tap-highlight-color: transparent; margin: 0px; padding: 0px; border: 0px; outline: 0px; box-sizing: border-box;\"><i style=\"-webkit-font-smoothing: antialiased; -webkit-tap-highlight-color: transparent; margin: 0px; padding: 0px; border: 0px; outline: 0px; position: relative; font-style: normal; vertical-align: middle; box-sizing: border-box;\">N\u00facleo<\/i>&nbsp;<i style=\"-webkit-font-smoothing: antialiased; -webkit-tap-highlight-color: transparent; margin: 0px; padding: 0px; border: 0px; outline: 0px; position: relative; font-style: normal; vertical-align: middle; box-sizing: border-box;\">opcional:<\/i><\/b>&nbsp;<\/p>\n<p class=\"MsoNormal\" style=\"-webkit-font-smoothing: antialiased; -webkit-tap-highlight-color: transparent; margin: 0px 0px 10px; padding: 0px; border: 0px; outline: 0px; box-sizing: border-box; color: rgb(51, 55, 69); font-family: Roboto; font-size: 13px; font-style: normal; font-variant-ligatures: normal; font-variant-caps: normal; font-weight: 400; letter-spacing: normal; orphans: 2; text-align: start; text-indent: 0px; text-transform: none; white-space: normal; widows: 2; word-spacing: 0px; -webkit-text-stroke-width: 0px; text-decoration-style: initial; text-decoration-color: initial;\"><b style=\"-webkit-font-smoothing: antialiased; -webkit-tap-highlight-color: transparent; margin: 0px; padding: 0px; border: 0px; outline: 0px; box-sizing: border-box;\">1 &#8211;<\/b>&nbsp;30 mm viscosoja&nbsp;<b style=\"-webkit-font-smoothing: antialiased; -webkit-tap-highlight-color: transparent; margin: 0px; padding: 0px; border: 0px; outline: 0px; box-sizing: border-box;\">(nature visco)<\/b><\/p>\n<p class=\"MsoNormal\" style=\"-webkit-font-smoothing: antialiased; -webkit-tap-highlight-color: transparent; margin: 0px 0px 10px; padding: 0px; border: 0px; outline: 0px; box-sizing: border-box; color: rgb(51, 55, 69); font-family: Roboto; font-size: 13px; font-style: normal; font-variant-ligatures: normal; font-variant-caps: normal; font-weight: 400; letter-spacing: normal; orphans: 2; text-align: start; text-indent: 0px; text-transform: none; white-space: normal; widows: 2; word-spacing: 0px; -webkit-text-stroke-width: 0px; text-decoration-style: initial; text-decoration-color: initial;\"><b style=\"-webkit-font-smoothing: antialiased; -webkit-tap-highlight-color: transparent; margin: 0px; padding: 0px; border: 0px; outline: 0px; box-sizing: border-box;\">2 &#8211;<\/b>&nbsp;30 mm l\u00e1tex&nbsp;<b style=\"-webkit-font-smoothing: antialiased; -webkit-tap-highlight-color: transparent; margin: 0px; padding: 0px; border: 0px; outline: 0px; box-sizing: border-box;\">(nature l\u00e1tex)<\/b><\/p>\n<p class=\"MsoNormal\" style=\"-webkit-font-smoothing: antialiased; -webkit-tap-highlight-color: transparent; margin: 0px 0px 10px; padding: 0px; border: 0px; outline: 0px; box-sizing: border-box; color: rgb(51, 55, 69); font-family: Roboto; font-size: 13px; font-style: normal; font-variant-ligatures: normal; font-variant-caps: normal; font-weight: 400; letter-spacing: normal; orphans: 2; text-align: start; text-indent: 0px; text-transform: none; white-space: normal; widows: 2; word-spacing: 0px; -webkit-text-stroke-width: 0px; text-decoration-style: initial; text-decoration-color: initial;\"><b style=\"-webkit-font-smoothing: antialiased; -webkit-tap-highlight-color: transparent; margin: 0px; padding: 0px; border: 0px; outline: 0px; box-sizing: border-box;\">3 &#8211;<\/b>&nbsp;30 mm eliocell&nbsp;<b style=\"-webkit-font-smoothing: antialiased; -webkit-tap-highlight-color: transparent; margin: 0px; padding: 0px; border: 0px; outline: 0px; box-sizing: border-box;\">(nature)<\/b><\/p>\n<p class=\"MsoNormal\" style=\"-webkit-font-smoothing: antialiased; -webkit-tap-highlight-color: transparent; margin: 0px 0px 10px; padding: 0px; border: 0px; outline: 0px; box-sizing: border-box; color: rgb(51, 55, 69); font-family: Roboto; font-size: 13px; font-style: normal; font-variant-ligatures: normal; font-variant-caps: normal; font-weight: 400; letter-spacing: normal; orphans: 2; text-align: start; text-indent: 0px; text-transform: none; white-space: normal; widows: 2; word-spacing: 0px; -webkit-text-stroke-width: 0px; text-decoration-style: initial; text-decoration-color: initial;\"><br style=\"-webkit-font-smoothing: antialiased; -webkit-tap-highlight-color: transparent; box-sizing: border-box;\"><b style=\"-webkit-font-smoothing: antialiased; -webkit-tap-highlight-color: transparent; margin: 0px; padding: 0px; border: 0px; outline: 0px; box-sizing: border-box;\"><strong style=\"-webkit-font-smoothing: antialiased; -webkit-tap-highlight-color: transparent; margin: 0px; padding: 0px; border: 0px; outline: 0px; box-sizing: border-box;\">Firmeza m\u00e9dia\/baixa<br style=\"-webkit-font-smoothing: antialiased; -webkit-tap-highlight-color: transparent; box-sizing: border-box;\"><\/strong><\/b><\/p>\n<p style=\"-webkit-font-smoothing: antialiased; -webkit-tap-highlight-color: transparent; margin: 0px 0px 10px; padding: 0px; border: 0px; outline: 0px; box-sizing: border-box; color: rgb(51, 55, 69); font-family: Roboto; font-size: 13px; font-style: normal; font-variant-ligatures: normal; font-variant-caps: normal; font-weight: 400; letter-spacing: normal; orphans: 2; text-align: start; text-indent: 0px; text-transform: none; white-space: normal; widows: 2; word-spacing: 0px; -webkit-text-stroke-width: 0px; text-decoration-style: initial; text-decoration-color: initial;\"><span class=\"tlid-translation translation\" style=\"-webkit-font-smoothing: antialiased; -webkit-tap-highlight-color: transparent; margin: 0px; padding: 0px; border: 0px; outline: 0px; box-sizing: border-box;\" lang=\"en\"><span title=\"\" style=\"-webkit-font-smoothing: antialiased; -webkit-tap-highlight-color: transparent; margin: 0px; padding: 0px; border: 0px; outline: 0px; box-sizing: border-box;\">Altura +- 11cm<\/span><\/span><\/p>\n<p><span class=\"tlid-translation translation\" style=\"-webkit-font-smoothing: antialiased; -webkit-tap-highlight-color: transparent; margin: 0px; padding: 0px; border: 0px; outline: 0px; box-sizing: border-box; color: rgb(51, 55, 69); font-family: Roboto; font-size: 13px; font-style: normal; font-variant-ligatures: normal; font-variant-caps: normal; font-weight: 400; letter-spacing: normal; orphans: 2; text-align: start; text-indent: 0px; text-transform: none; white-space: normal; widows: 2; word-spacing: 0px; -webkit-text-stroke-width: 0px; text-decoration-style: initial; text-decoration-color: initial;\" lang=\"en\"><span title=\"\" style=\"-webkit-font-smoothing: antialiased; -webkit-tap-highlight-color: transparent; margin: 0px; padding: 0px; border: 0px; outline: 0px; box-sizing: border-box;\"><br style=\"-webkit-font-smoothing: antialiased; -webkit-tap-highlight-color: transparent; box-sizing: border-box;\">Dimens\u00f5es v\u00e1rias poss\u00edveis.<br style=\"-webkit-font-smoothing: antialiased; -webkit-tap-highlight-color: transparent; box-sizing: border-box;\">Seleccione a medida pretendida, o valor varia consoante a medida.<\/span><\/span><span class=\"tlid-translation translation\" lang=\"en\"><span title=\"\"><br \/><\/span><\/span><span class=\"tlid-translation translation\" lang=\"en\"><span title=\"\"><\/span><\/span><span class=\"tlid-translation-gender-indicator translation-gender-indicator\"><\/span><span class=\"tlid-trans-verified-button trans-verified-button\" role=\"button\" style=\"display: none;\"><\/span><\/p>\n<p><\/p>\n","protected":false},"excerpt":{"rendered":"<p>Topper Nature O complemento perfeito para um colch\u00e3o topo de gama. Materiais&nbsp; seda javanesa&nbsp;&#8211; toque suave e distinto algod\u00e3o&nbsp;&#8211; material<\/p>\n","protected":false},"featured_media":9330,"comment_status":"open","ping_status":"closed","template":"","meta":{"_monsterinsights_skip_tracking":false,"_monsterinsights_sitenote_active":false,"_monsterinsights_sitenote_note":"","_monsterinsights_sitenote_category":0},"product_cat":[129],"product_tag":[145,144,355],"class_list":{"0":"post-9329","1":"product","2":"type-product","3":"status-publish","4":"has-post-thumbnail","6":"product_cat-colchoes-e-almofadas","7":"product_tag-estrados","8":"product_tag-mindol","9":"product_tag-topper-nature","11":"first","12":"instock","13":"taxable","14":"shipping-taxable","15":"purchasable","16":"product-type-variable"},"aioseo_notices":[],"_links":{"self":[{"href":"https:\/\/moveisantunes.com\/index.php?rest_route=\/wp\/v2\/product\/9329","targetHints":{"allow":["GET"]}}],"collection":[{"href":"https:\/\/moveisantunes.com\/index.php?rest_route=\/wp\/v2\/product"}],"about":[{"href":"https:\/\/moveisantunes.com\/index.php?rest_route=\/wp\/v2\/types\/product"}],"replies":[{"embeddable":true,"href":"https:\/\/moveisantunes.com\/index.php?rest_route=%2Fwp%2Fv2%2Fcomments&post=9329"}],"version-history":[{"count":0,"href":"https:\/\/moveisantunes.com\/index.php?rest_route=\/wp\/v2\/product\/9329\/revisions"}],"wp:featuredmedia":[{"embeddable":true,"href":"https:\/\/moveisantunes.com\/index.php?rest_route=\/wp\/v2\/media\/9330"}],"wp:attachment":[{"href":"https:\/\/moveisantunes.com\/index.php?rest_route=%2Fwp%2Fv2%2Fmedia&parent=9329"}],"wp:term":[{"taxonomy":"product_cat","embeddable":true,"href":"https:\/\/moveisantunes.com\/index.php?rest_route=%2Fwp%2Fv2%2Fproduct_cat&post=9329"},{"taxonomy":"product_tag","embeddable":true,"href":"https:\/\/moveisantunes.com\/index.php?rest_route=%2Fwp%2Fv2%2Fproduct_tag&post=9329"}],"curies":[{"name":"wp","href":"https:\/\/api.w.org\/{rel}","templated":true}]}}