{"id":9630,"date":"2020-05-01T11:19:16","date_gmt":"2020-05-01T11:19:16","guid":{"rendered":"https:\/\/moveisantunes.com\/?product=protector-colchao"},"modified":"2020-05-01T12:29:44","modified_gmt":"2020-05-01T12:29:44","slug":"protector-colchao","status":"publish","type":"product","link":"https:\/\/moveisantunes.com\/?product=protector-colchao","title":{"rendered":"Protector Colch\u00e3o"},"content":{"rendered":"<p>Protector Colch\u00e3o e len\u00e7ol ajust\u00e1vel.<\/p>\n<p>Seleccione as dimens\u00f5es que pretende.<\/p>\n<p class=\"MsoNormal\">Ao longo do tempo,&nbsp;os colch\u00f5es absorvem o nosso suor,<br \/>\nas c\u00e9lulas mortas da pele e humidade.&nbsp;<\/p>\n<p class=\"MsoNormal\">No entanto, a vida do&nbsp;colch\u00e3o pode ser prolongada com o<br \/>\nuso de um protetor B-Sensible. Estes protectores s\u00e3o 100% imperme\u00e1veis;<br \/>\nrespir\u00e1veis; t\u00eam tecido 100% natural de tencel, que \u00e9 suave; s\u00e3o anti\u00e1caros;<br \/>\ntem efeito cosm\u00e9tico, reparador da pele, devido ao \u00f3xido de zinco que tamb\u00e9m<br \/>\nreduz os maus odores; \u00e9 antibacteriano e termorregulador.<\/p>\n<p class=\"MsoNormal\">Estes protectores podem lavar-se a 60 graus e serem<br \/>\ncolocados na m\u00e1quina de secar, sem que percam nenhuma das suas propriedades.<\/p>\n<p class=\"MsoNormal\">Com o Certificado Alergia UK da British Alergia Foundation.<\/p>\n<p class=\"MsoNormal\"><b>Caracter\u00edsticas:<\/b><\/p>\n<p class=\"MsoNormal\">&#8211; Tecido de fibra 100% tencel = 100% natural<\/p>\n<p class=\"MsoNormal\">&#8211; O mais suave ao tacto<\/p>\n<p class=\"MsoNormal\">&#8211; Fibra termorreguladora: &nbsp;mais fresca no ver\u00e3o e mais<br \/>\nquente no inverno<\/p>\n<p class=\"MsoNormal\">&#8211; A fibra que seca mais r\u00e1pido: m\u00e1ximo conforto, ideal para<br \/>\npeles sens\u00edveis<\/p>\n<p class=\"MsoNormal\">&#8211; Fibra com certifica\u00e7\u00e3o ecolabel e WWF<\/p>\n<p class=\"MsoNormal\">&#8211; Produto ecol\u00f3gico<\/p>\n<p class=\"MsoNormal\"><b>Tecido dermofresh impermi\u00e1vel:<\/b><\/p>\n<p class=\"MsoNormal\">&#8211; Bi-el\u00e1stico<\/p>\n<p class=\"MsoNormal\">-Silencioso<\/p>\n<p class=\"MsoNormal\">&#8211; Perfeitamente adapt\u00e1vel<\/p>\n<p class=\"MsoNormal\">&#8211; Uma segunda pele<\/p>\n<p class=\"MsoNormal\">&#8211; N\u00e3o condiciona nem altera o conforto do colch\u00e3o, almofada<br \/>\nou edred\u00e3o<\/p>\n<p class=\"MsoNormal\"><b>Tecido dermofresh transpir\u00e1vel:<\/b><\/p>\n<p class=\"MsoNormal\">A sua estrutura \u00e9 como a nossa pele:<\/p>\n<p class=\"MsoNormal\">&#8211; Os l\u00edquidos n\u00e3o passam<\/p>\n<p class=\"MsoNormal\">&#8211; O ar sobre press\u00e3o n\u00e3o passa, apenas transpira<\/p>\n<p class=\"MsoNormal\">&#8211; A sua micro configura\u00e7\u00e3o faz com que<b>&nbsp;o tecido<br \/>\ndermofresh n\u00e3o provoque calor nem fa\u00e7a ru\u00eddo<\/b><\/p>\n<p class=\"MsoNormal\"><b>Tecido dermofresh protector:<\/b><\/p>\n<p class=\"MsoNormal\">O tecido dermofresh combate os \u00e1caros e as bact\u00e9rias em duas<br \/>\nfrentes:<\/p>\n<p class=\"MsoNormal\">&#8211; Atua como barreira f\u00edsica evitando que os alerg\u00e9nicos dos<br \/>\n\u00e1caros passem para o colch\u00e3o, para a almofada ou para o edred\u00e3o e sejam<br \/>\ninalados<\/p>\n<p class=\"MsoNormal\">&#8211; O tecido dermofresh com fibra de tencel \u00e9 o \u00fanico tecido<br \/>\nnatural que reduz at\u00e9 \u00e0 sua extin\u00e7\u00e3o o desenvolvimento de bact\u00e9rias em 24h<\/p>\n","protected":false},"excerpt":{"rendered":"<p>Protector Colch\u00e3o e len\u00e7ol ajust\u00e1vel. Seleccione as dimens\u00f5es que pretende. Ao longo do tempo,&nbsp;os colch\u00f5es absorvem o nosso suor, as<\/p>\n","protected":false},"featured_media":9631,"comment_status":"open","ping_status":"closed","template":"","meta":{"_monsterinsights_skip_tracking":false,"_monsterinsights_sitenote_active":false,"_monsterinsights_sitenote_note":"","_monsterinsights_sitenote_category":0},"product_cat":[126],"product_tag":[438,436,435,433,437,434,432],"class_list":{"0":"post-9630","1":"product","2":"type-product","3":"status-publish","4":"has-post-thumbnail","6":"product_cat-decoracao-e-acessorios","7":"product_tag-mindol","8":"product_tag-b-sensible","9":"product_tag-lencol-ajustavel","10":"product_tag-mindoflex","11":"product_tag-tencel","12":"product_tag-protector-colchao","14":"first","15":"instock","16":"taxable","17":"shipping-taxable","18":"purchasable","19":"product-type-variable"},"aioseo_notices":[],"_links":{"self":[{"href":"https:\/\/moveisantunes.com\/index.php?rest_route=\/wp\/v2\/product\/9630","targetHints":{"allow":["GET"]}}],"collection":[{"href":"https:\/\/moveisantunes.com\/index.php?rest_route=\/wp\/v2\/product"}],"about":[{"href":"https:\/\/moveisantunes.com\/index.php?rest_route=\/wp\/v2\/types\/product"}],"replies":[{"embeddable":true,"href":"https:\/\/moveisantunes.com\/index.php?rest_route=%2Fwp%2Fv2%2Fcomments&post=9630"}],"version-history":[{"count":0,"href":"https:\/\/moveisantunes.com\/index.php?rest_route=\/wp\/v2\/product\/9630\/revisions"}],"wp:featuredmedia":[{"embeddable":true,"href":"https:\/\/moveisantunes.com\/index.php?rest_route=\/wp\/v2\/media\/9631"}],"wp:attachment":[{"href":"https:\/\/moveisantunes.com\/index.php?rest_route=%2Fwp%2Fv2%2Fmedia&parent=9630"}],"wp:term":[{"taxonomy":"product_cat","embeddable":true,"href":"https:\/\/moveisantunes.com\/index.php?rest_route=%2Fwp%2Fv2%2Fproduct_cat&post=9630"},{"taxonomy":"product_tag","embeddable":true,"href":"https:\/\/moveisantunes.com\/index.php?rest_route=%2Fwp%2Fv2%2Fproduct_tag&post=9630"}],"curies":[{"name":"wp","href":"https:\/\/api.w.org\/{rel}","templated":true}]}}