{"id":9955,"date":"2021-04-16T11:42:24","date_gmt":"2021-04-16T11:42:24","guid":{"rendered":"https:\/\/moveisantunes.com\/?product=chaiselong-dakar"},"modified":"2022-05-03T10:46:22","modified_gmt":"2022-05-03T10:46:22","slug":"chaiselong-dakar","status":"publish","type":"product","link":"https:\/\/moveisantunes.com\/?product=chaiselong-dakar","title":{"rendered":"Chaiselong Dakar"},"content":{"rendered":"<p>Chaiselong Dakar<\/p>\n<p>Dimens\u00f5es: L 255 \/ P 162-95 \/ A 95<br \/>M\u00f3dulos 1 lugar: L 65<\/p>\n<p><\/p>\n<p>Chaiselong revers\u00edvel acompanhado com 2 poufs. Fabricamos em v\u00e1rias cores e v\u00e1rios tipos de tecido.<\/p>\n<p><\/p>\n","protected":false},"excerpt":{"rendered":"<p>Chaiselong Dakar Dimens\u00f5es: L 255 \/ P 162-95 \/ A 95M\u00f3dulos 1 lugar: L 65 Chaiselong revers\u00edvel acompanhado com 2<\/p>\n","protected":false},"featured_media":9956,"comment_status":"open","ping_status":"closed","template":"","meta":{"_monsterinsights_skip_tracking":false,"_monsterinsights_sitenote_active":false,"_monsterinsights_sitenote_note":"","_monsterinsights_sitenote_category":0},"product_cat":[130],"product_tag":[520],"class_list":{"0":"post-9955","1":"product","2":"type-product","3":"status-publish","4":"has-post-thumbnail","6":"product_cat-sofas1647012387","7":"product_tag-chaiselong-dakar","9":"first","10":"instock","11":"taxable","12":"shipping-taxable","13":"product-type-simple"},"aioseo_notices":[],"_links":{"self":[{"href":"https:\/\/moveisantunes.com\/index.php?rest_route=\/wp\/v2\/product\/9955","targetHints":{"allow":["GET"]}}],"collection":[{"href":"https:\/\/moveisantunes.com\/index.php?rest_route=\/wp\/v2\/product"}],"about":[{"href":"https:\/\/moveisantunes.com\/index.php?rest_route=\/wp\/v2\/types\/product"}],"replies":[{"embeddable":true,"href":"https:\/\/moveisantunes.com\/index.php?rest_route=%2Fwp%2Fv2%2Fcomments&post=9955"}],"version-history":[{"count":1,"href":"https:\/\/moveisantunes.com\/index.php?rest_route=\/wp\/v2\/product\/9955\/revisions"}],"predecessor-version":[{"id":10535,"href":"https:\/\/moveisantunes.com\/index.php?rest_route=\/wp\/v2\/product\/9955\/revisions\/10535"}],"wp:featuredmedia":[{"embeddable":true,"href":"https:\/\/moveisantunes.com\/index.php?rest_route=\/wp\/v2\/media\/9956"}],"wp:attachment":[{"href":"https:\/\/moveisantunes.com\/index.php?rest_route=%2Fwp%2Fv2%2Fmedia&parent=9955"}],"wp:term":[{"taxonomy":"product_cat","embeddable":true,"href":"https:\/\/moveisantunes.com\/index.php?rest_route=%2Fwp%2Fv2%2Fproduct_cat&post=9955"},{"taxonomy":"product_tag","embeddable":true,"href":"https:\/\/moveisantunes.com\/index.php?rest_route=%2Fwp%2Fv2%2Fproduct_tag&post=9955"}],"curies":[{"name":"wp","href":"https:\/\/api.w.org\/{rel}","templated":true}]}}