{"id":9998,"date":"2021-05-06T10:18:21","date_gmt":"2021-05-06T10:18:21","guid":{"rendered":"https:\/\/moveisantunes.com\/?product=chaiselong-cama-chagas"},"modified":"2023-03-07T18:49:12","modified_gmt":"2023-03-07T18:49:12","slug":"chaiselong-cama-chagas","status":"publish","type":"product","link":"https:\/\/moveisantunes.com\/?product=chaiselong-cama-chagas","title":{"rendered":"Chaiselong cama Chagas"},"content":{"rendered":"<p>Chaiselong Chagas com cama<\/p>\n<p>Dimens\u00f5es: L 280 \/ P 165-95 \/ A 100<\/p>\n<p>&nbsp;<\/p>\n<p>Sofa Chaiselong com cama e arruma\u00e7\u00e3o. Temos v\u00e1rias cores dispon\u00edveis.<\/p>\n<p>&nbsp;<\/p>\n","protected":false},"excerpt":{"rendered":"<p>Chaiselong Chagas com cama Dimens\u00f5es: L 280 \/ P 165-95 \/ A 100 &nbsp; Sofa Chaiselong com cama e arruma\u00e7\u00e3o.<\/p>\n","protected":false},"featured_media":9999,"comment_status":"open","ping_status":"closed","template":"","meta":{"_monsterinsights_skip_tracking":false,"_monsterinsights_sitenote_active":false,"_monsterinsights_sitenote_note":"","_monsterinsights_sitenote_category":0},"product_cat":[130],"product_tag":[530],"class_list":{"0":"post-9998","1":"product","2":"type-product","3":"status-publish","4":"has-post-thumbnail","6":"product_cat-sofas1647012387","7":"product_tag-chaiselong-cama-chagas","9":"first","10":"instock","11":"taxable","12":"shipping-taxable","13":"purchasable","14":"product-type-variable"},"aioseo_notices":[],"_links":{"self":[{"href":"https:\/\/moveisantunes.com\/index.php?rest_route=\/wp\/v2\/product\/9998","targetHints":{"allow":["GET"]}}],"collection":[{"href":"https:\/\/moveisantunes.com\/index.php?rest_route=\/wp\/v2\/product"}],"about":[{"href":"https:\/\/moveisantunes.com\/index.php?rest_route=\/wp\/v2\/types\/product"}],"replies":[{"embeddable":true,"href":"https:\/\/moveisantunes.com\/index.php?rest_route=%2Fwp%2Fv2%2Fcomments&post=9998"}],"version-history":[{"count":1,"href":"https:\/\/moveisantunes.com\/index.php?rest_route=\/wp\/v2\/product\/9998\/revisions"}],"predecessor-version":[{"id":10894,"href":"https:\/\/moveisantunes.com\/index.php?rest_route=\/wp\/v2\/product\/9998\/revisions\/10894"}],"wp:featuredmedia":[{"embeddable":true,"href":"https:\/\/moveisantunes.com\/index.php?rest_route=\/wp\/v2\/media\/9999"}],"wp:attachment":[{"href":"https:\/\/moveisantunes.com\/index.php?rest_route=%2Fwp%2Fv2%2Fmedia&parent=9998"}],"wp:term":[{"taxonomy":"product_cat","embeddable":true,"href":"https:\/\/moveisantunes.com\/index.php?rest_route=%2Fwp%2Fv2%2Fproduct_cat&post=9998"},{"taxonomy":"product_tag","embeddable":true,"href":"https:\/\/moveisantunes.com\/index.php?rest_route=%2Fwp%2Fv2%2Fproduct_tag&post=9998"}],"curies":[{"name":"wp","href":"https:\/\/api.w.org\/{rel}","templated":true}]}}